{"id":1630,"date":"2022-10-03T21:15:10","date_gmt":"2022-10-03T19:15:10","guid":{"rendered":"https:\/\/haeckl02.bn-paf.de\/?page_id=1630"},"modified":"2023-12-29T22:18:25","modified_gmt":"2023-12-29T21:18:25","slug":"startseite","status":"publish","type":"page","link":"https:\/\/haeckl02.bn-paf.de\/","title":{"rendered":"Startseite"},"content":{"rendered":"\n<p><\/p>\n\n\n\n<h3 class=\"wp-block-heading\"><mark>Herzlich Willkommen auf meiner Website.<\/mark><\/h3>\n\n\n\n<p>Mein Name ist Lisa&nbsp;und ich lebe zusammen mit meinem Ehemann und meinen 2 wundervollen S\u00f6hnen in&nbsp;Wolnzach im Herzen Bayerns.&nbsp;<\/p>\n\n\n\n<p>Ich bin Fotografin f\u00fcr nat\u00fcrliche Neugeborenen-, Baby-, Schwangerschafts-, Paar- und Familienfotografie.<\/p>\n\n\n\n<p>Menschen und deren Emotionen stehen bei meiner Familienfotografie im Mittelpunkt. Mit viel Gef\u00fchl und Freude an meiner Arbeit gehe ich auf eure W\u00fcnsche ein damit ihr euch bei mir wohl und geborgen f\u00fchlt.&nbsp;<\/p>\n\n\n\n<p>Alles rund um die Liebe und die Momente wenn die Kleinen noch so winzig sind, halte ich mit viel Leidenschaft und Geduld fotografisch f\u00fcr euch fest um liebevolle Erinnerungen zu schaffen.&nbsp;<\/p>\n\n\n\n<p>Ein Fotoshooting ist eine Investition, die ihr niemals bereuen werdet, denn mit jedem vergangenen Jahr gewinnt sie an Wert. Haltet die Augenblicke fest und blickt mit den Bildern in ein Fenster der wertvollen Erinnerungen.<\/p>\n\n\n\n<p>Ich freue mich auf eure Anfrage.<\/p>\n\n\n\n<p>Eure Lisa<\/p>\n\n\n\n<figure class=\"wp-block-gallery has-nested-images columns-default is-cropped wp-block-gallery-1 is-layout-flex wp-block-gallery-is-layout-flex\"><\/figure>\n","protected":false},"excerpt":{"rendered":"<p>Herzlich Willkommen auf meiner Website. Mein Name ist Lisa&nbsp;und ich lebe zusammen mit meinem Ehemann und meinen 2 wundervollen S\u00f6hnen in&nbsp;Wolnzach im Herzen Bayerns.&nbsp; Ich &hellip;<\/p>\n","protected":false},"author":1,"featured_media":0,"parent":0,"menu_order":0,"comment_status":"closed","ping_status":"closed","template":"","meta":{"advgb_blocks_editor_width":"large","advgb_blocks_columns_visual_guide":"","footnotes":""},"aioseo_notices":[],"coauthors":[],"author_meta":{"author_link":"https:\/\/haeckl02.bn-paf.de\/index.php\/author\/haecklwp\/","display_name":"admin"},"relative_dates":{"created":"Posted 2 Jahren ago","modified":"Updated 9 Monaten ago"},"absolute_dates":{"created":"Posted on 3. Oktober 2022","modified":"Updated on 29. Dezember 2023"},"absolute_dates_time":{"created":"Posted on 3. Oktober 2022 21:15","modified":"Updated on 29. Dezember 2023 22:18"},"featured_img_caption":"","featured_img":false,"series_order":"","_links":{"self":[{"href":"https:\/\/haeckl02.bn-paf.de\/index.php\/wp-json\/wp\/v2\/pages\/1630"}],"collection":[{"href":"https:\/\/haeckl02.bn-paf.de\/index.php\/wp-json\/wp\/v2\/pages"}],"about":[{"href":"https:\/\/haeckl02.bn-paf.de\/index.php\/wp-json\/wp\/v2\/types\/page"}],"author":[{"embeddable":true,"href":"https:\/\/haeckl02.bn-paf.de\/index.php\/wp-json\/wp\/v2\/users\/1"}],"replies":[{"embeddable":true,"href":"https:\/\/haeckl02.bn-paf.de\/index.php\/wp-json\/wp\/v2\/comments?post=1630"}],"version-history":[{"count":16,"href":"https:\/\/haeckl02.bn-paf.de\/index.php\/wp-json\/wp\/v2\/pages\/1630\/revisions"}],"predecessor-version":[{"id":1949,"href":"https:\/\/haeckl02.bn-paf.de\/index.php\/wp-json\/wp\/v2\/pages\/1630\/revisions\/1949"}],"wp:attachment":[{"href":"https:\/\/haeckl02.bn-paf.de\/index.php\/wp-json\/wp\/v2\/media?parent=1630"}],"curies":[{"name":"wp","href":"https:\/\/api.w.org\/{rel}","templated":true}]}}