{"id":933,"date":"2021-09-24T22:37:31","date_gmt":"2021-09-24T20:37:31","guid":{"rendered":"https:\/\/haeckl02.bn-paf.de\/?page_id=933"},"modified":"2023-12-28T12:35:33","modified_gmt":"2023-12-28T11:35:33","slug":"fragen-antworten","status":"publish","type":"page","link":"https:\/\/haeckl02.bn-paf.de\/index.php\/fragen-antworten\/","title":{"rendered":"Fragen &#8211; Antworten"},"content":{"rendered":"\n<p><span style=\"background-color:rgba(0, 0, 0, 0)\" class=\"has-inline-color has-headings-color\">Hier beantworte ich die meist gestellten Fragen die rund um ein Fotoshooting entstehen k\u00f6nnen.<\/span><\/p>\n\n\n\n<p><span style=\"background-color:rgba(0, 0, 0, 0)\" class=\"has-inline-color has-headings-color\">Es fehlt hier eine wichtige Frage oder deine Frage ist hier nicht beantwortet? Dann k\u00f6nnt ihr mich gerne \u00fcber mein Kontaktformular benachrichtigen. <\/span><\/p>\n\n\n\n<p><\/p>\n\n\n\n<h3 class=\"wp-block-heading\"><span style=\"background-color:rgba(0, 0, 0, 0)\" class=\"has-inline-color has-accent-1-color\">Sie oder Du?<\/span> <\/h3>\n\n\n\n<p><span style=\"background-color:rgba(0, 0, 0, 0)\" class=\"has-inline-color has-headings-color\">Sehr sehr gerne DU &#8211; wenn das f\u00fcr euch in Ordnung ist. Da wir rund um ein Fotoshooting doch etwas Zeit miteinander verbringen macht es ein &#8222;DU&#8220; einfach viel lockerer.  <\/span><\/p>\n\n\n\n<p><\/p>\n\n\n\n<h3 class=\"wp-block-heading\"><span style=\"background-color:rgba(0, 0, 0, 0)\" class=\"has-inline-color has-accent-1-color\">Wie kann ich einen Termin vereinbaren?<\/span><\/h3>\n\n\n\n<p><span style=\"background-color:rgba(0, 0, 0, 0)\" class=\"has-inline-color has-headings-color\">Ihr k\u00f6nnt mir gerne eine Nachricht \u00fcber das Kontaktformular senden. <\/span><\/p>\n\n\n\n<p><span style=\"background-color:rgba(0, 0, 0, 0)\" class=\"has-inline-color has-headings-color\">Ich melde mich dann schnellstm\u00f6glich bei euch. Bitte \u00fcberpr\u00fcft auch euren Spam-Ordner auf eine Antwort von mir. <\/span><\/p>\n\n\n\n<p><\/p>\n\n\n\n<h3 class=\"wp-block-heading\"><span style=\"background-color:rgba(0, 0, 0, 0)\" class=\"has-inline-color has-accent-1-color\">Wann melde ich mich f\u00fcr ein Fotoshooting?<\/span><\/h3>\n\n\n\n<p><span style=\"background-color:rgba(0, 0, 0, 0)\" class=\"has-inline-color has-headings-color\">Ganz klar: Je fr\u00fcher umso besser. <\/span><\/p>\n\n\n\n<p><span style=\"background-color:rgba(0, 0, 0, 0)\" class=\"has-inline-color has-headings-color\">Bei Neugeborenenshootings ist es besonders wichtig, sich schon fr\u00fchzeitig in der Schwangerschaft (ca. 20. SSw) bei mir zu melden. Ich trage euch dann grob um euren Entbindungstermin ein. Sobald ihr mich \u00fcber eure Entbindung informiert habt, planen wir den endg\u00fcltigen Termin miteinander. Der findet dann in den ersten 4-8 Lebenstagen statt. <\/span><\/p>\n\n\n\n<p><\/p>\n\n\n\n<h3 class=\"wp-block-heading\"><span style=\"background-color:rgba(0, 0, 0, 0)\" class=\"has-inline-color has-accent-1-color\">Wie lange dauert ein Neugeborenenshooting?<\/span><\/h3>\n\n\n\n<p><span style=\"background-color:rgba(0, 0, 0, 0)\" class=\"has-inline-color has-headings-color\">F\u00fcr ein Neugeborenenshooting plane ich immer 1,5 &#8211; 2 Stunden ein, denn kein Kind ist wie das andere. Ich nehme mir also f\u00fcr jedes Neugeborene gen\u00fcgend Zeit und fotografiere sie mit sehr viel Geduld, Liebe und Hingabe. <\/span><\/p>\n\n\n\n<h3 class=\"wp-block-heading\"><span style=\"background-color:rgba(0, 0, 0, 0)\" class=\"has-inline-color has-accent-1-color\">Bekommen wir auch die unbearbeiteten Bilder?<\/span><\/h3>\n\n\n\n<p><span style=\"background-color:rgba(0, 0, 0, 0)\" class=\"has-inline-color has-headings-color\">Nein. Bitte bedenkt, dass die Bildbearbeitung mit der kreativste Teil bei meiner Arbeit ist und es ausschlaggebend f\u00fcr meinen Bildstil ist. Daher bekommt ihr die Bilder im ganz nat\u00fcrlichen Stil bearbeitet. <\/span><\/p>\n\n\n\n<p><\/p>\n\n\n\n<h3 class=\"wp-block-heading\"><span style=\"background-color:rgba(0, 0, 0, 0)\" class=\"has-inline-color has-accent-1-color\">Was sollen wir anziehen?<\/span><\/h3>\n\n\n\n<p><span style=\"background-color:rgba(0, 0, 0, 0)\" class=\"has-inline-color has-headings-color\">Ich empfehle immer: Etwas worin ihr euch wohlf\u00fchlt und worin ihr euch selber treu bleibt.<\/span> Kleidung in Beige sowie in Erd- und <span style=\"background-color:rgba(0, 0, 0, 0)\" class=\"has-inline-color has-headings-color\">Pastellt\u00f6nen sind meine absoluten Favoriten. Je gleicher die Farben eures Outfits umso ruhiger und stimmiger ist das fertige Bild. Oberteile mit Aufdruck, Pailletten- oder Glitzeroutfits eignen sich hier eher weniger. <\/span><\/p>\n\n\n\n<p><span style=\"background-color:rgba(0, 0, 0, 0)\" class=\"has-inline-color has-headings-color\">Bei Babybauchshootings empfehle ich meist bequeme und lockere Blusen sowie Kleider. <\/span><\/p>\n\n\n\n<p><\/p>\n\n\n\n<h3 class=\"wp-block-heading\"><span style=\"background-color:rgba(0, 0, 0, 0)\" class=\"has-inline-color has-accent-1-color\">M\u00fcssen wir die Klamotten f\u00fcrs Baby selbst besorgen?<\/span><\/h3>\n\n\n\n<p><span style=\"background-color:rgba(0, 0, 0, 0)\" class=\"has-inline-color has-headings-color\">Nein, ich fotografiere Neugeborene ausschlie\u00dflich in denen von mir bereitgestellten Bodys oder Latzhosen aus Wolle in ganz nat\u00fcrlichen Farben. Ich bin kein Fan von bunten und ausgeflippten Outfits\/Sets.  <\/span><\/p>\n\n\n\n<p><\/p>\n\n\n\n<h3 class=\"wp-block-heading\"><span style=\"background-color:rgba(0, 0, 0, 0)\" class=\"has-inline-color has-accent-1-color\">Verkaufst du auch Gutscheine?<\/span><\/h3>\n\n\n\n<p><span style=\"background-color:rgba(0, 0, 0, 0)\" class=\"has-inline-color has-headings-color\">Ja, meldet euch daf\u00fcr einfach \u00fcber mein Kontaktformular bei mir. <\/span><\/p>\n\n\n\n<p><\/p>\n\n\n\n<h3 class=\"wp-block-heading\"><span style=\"background-color:rgba(0, 0, 0, 0)\" class=\"has-inline-color has-accent-1-color\">Ich bin nicht fotogen, was tun?<\/span><\/h3>\n\n\n\n<p><span style=\"background-color:rgba(0, 0, 0, 0)\" class=\"has-inline-color has-headings-color\">Das h\u00f6re ich sehr oft, aber keine Sorge, am Ende waren bisher alle gl\u00fccklich. Ich plane mir f\u00fcr jedes Fotoshooting gen\u00fcgend Zeit ein. Somit geraten wir nie unter Zeitdruck und wir k\u00f6nnen es ganz entspannt angehen. <\/span><\/p>\n\n\n\n<p><span style=\"background-color:rgba(0, 0, 0, 0)\" class=\"has-inline-color has-headings-color\">Setzt euch bitte selbst nicht unter Druck. <\/span><\/p>\n\n\n\n<p><\/p>\n\n\n\n<h3 class=\"wp-block-heading\"><span style=\"background-color:rgba(0, 0, 0, 0)\" class=\"has-inline-color has-accent-1-color\">Mit welcher Kamera fotografierst du?<\/span><\/h3>\n\n\n\n<p><span style=\"background-color:rgba(0, 0, 0, 0)\" class=\"has-inline-color has-headings-color\">Ich fotografiere mit einer Canon EOS 5D Mark IV. <\/span><\/p>\n\n\n\n<p><\/p>\n\n\n\n<h3 class=\"wp-block-heading\"><span style=\"background-color:rgba(0, 0, 0, 0)\" class=\"has-inline-color has-accent-1-color\">Werden die Bilder retuschiert?<\/span><\/h3>\n\n\n\n<p><span style=\"background-color:rgba(0, 0, 0, 0)\" class=\"has-inline-color has-headings-color\">Retuschiert werden nur Kleinigkeiten wie Glanzstellen, Hautunreinheiten oder R\u00f6tungen. Ihr solltet euch auf den Bildern widerspiegeln und deshalb bin ich kein Fan von gro\u00dfartiger Retusche. <\/span><\/p>\n\n\n\n<p><span style=\"background-color:rgba(0, 0, 0, 0)\" class=\"has-inline-color has-headings-color\">Bei Neugeborenen entferne ich ebenfalls Glanzstellen, Hautsch\u00fcppchen, R\u00f6tungen und Neugeborenenakne im nat\u00fcrlichen Stil. <\/span><\/p>\n\n\n\n<p><\/p>\n\n\n\n<h3 class=\"wp-block-heading\"><span style=\"background-color:rgba(0, 0, 0, 0)\" class=\"has-inline-color has-accent-1-color\">Gibt es Stornierungsgeb\u00fchren?<\/span><\/h3>\n\n\n\n<p><span style=\"background-color:rgba(0, 0, 0, 0)\" class=\"has-inline-color has-headings-color\">Ja, die gibt es. Wenn ihr bei mir ein Fotoshooting gebucht habt und dieses nun storniert, stelle ich euch 30% des vereinbarten Buchungspreises in Rechnung. Die Kapazit\u00e4t meiner monatlichen Fotoshootings ist begrenzt und somit kann ich nur eine bestimmte Anzahl an Fotoshootings durchf\u00fchren.  Es ist also nicht sch\u00f6n wenn kurzfristig storniert wird, denn hier h\u00e4tte ich eine andere Kundschaft einplanen k\u00f6nnen, die eventuell nun aufgrund meiner begrenzten Kapazit\u00e4ten schon eine Absage von mir erhalten hat. Bevor also \u00fcbereifrig storniert wird, sucht bitte den Kontakt zu mir, denn oftmals ist eine Verschiebung des Fotoshootings die bessere Variante. <\/span><\/p>\n\n\n\n<h3 class=\"wp-block-heading\"><span style=\"background-color:rgba(0, 0, 0, 0)\" class=\"has-inline-color has-accent-1-color\">Wie erhalten wir unsere Bilder?<\/span><\/h3>\n\n\n\n<p><span style=\"background-color:rgba(0, 0, 0, 0)\" class=\"has-inline-color has-headings-color\">Ihr erhaltet die Bilder in einer passwortgesch\u00fctzten Onlinegalerie. Bei einer standesamtlichen Trauung erhaltet ihr zus\u00e4tzlich noch einen personalisierten USB-Stick von mir dazu. <\/span><\/p>\n\n\n\n<p><\/p>\n\n\n\n<h3 class=\"wp-block-heading\"><span style=\"background-color:rgba(0, 0, 0, 0)\" class=\"has-inline-color has-accent-1-color\">Regenwetter am Shootingtag?<\/span><\/h3>\n\n\n\n<p><span style=\"background-color:rgba(0, 0, 0, 0)\" class=\"has-inline-color has-headings-color\">Wenn uns Petrus mal einen Strich durch die Rechnung macht, vereinbaren wir ganz entspannt einen neuen Termin. <\/span><\/p>\n\n\n\n<p><\/p>\n\n\n\n<h3 class=\"wp-block-heading\"><span style=\"background-color:rgba(0, 0, 0, 0)\" class=\"has-inline-color has-accent-1-color\">Werden unsere Bilder ver\u00f6ffentlicht?<\/span><\/h3>\n\n\n\n<p><span style=\"background-color:rgba(0, 0, 0, 0)\" class=\"has-inline-color has-headings-color\">F\u00fcr meine Arbeit ist es unwahrscheinlich wichtig, Fotos zeigen zu d\u00fcrfen. Denn sicherlich seid ihr auch \u00fcber meine Fotos auf mich aufmerksam geworden oder habt euch vorher in meiner Galerie ein Urteil gebildet. Zum Schutz beider Seiten, wird alles schriftlich festgehalten.<\/span><\/p>\n\n\n\n<p><span style=\"background-color:rgba(0, 0, 0, 0)\" class=\"has-inline-color has-headings-color\">Ich respektiere eure Privatsph\u00e4re. Jedoch freue ich mich jedes mal sehr wenn ich meine Arbeit zeigen darf.      <\/span><\/p>\n","protected":false},"excerpt":{"rendered":"<p>Hier beantworte ich die meist gestellten Fragen die rund um ein Fotoshooting entstehen k\u00f6nnen. Es fehlt hier eine wichtige Frage oder deine Frage ist hier &hellip;<\/p>\n","protected":false},"author":1,"featured_media":0,"parent":0,"menu_order":0,"comment_status":"closed","ping_status":"closed","template":"","meta":{"advgb_blocks_editor_width":"","advgb_blocks_columns_visual_guide":"","footnotes":""},"aioseo_notices":[],"coauthors":[],"author_meta":{"author_link":"https:\/\/haeckl02.bn-paf.de\/index.php\/author\/haecklwp\/","display_name":"admin"},"relative_dates":{"created":"Posted 3 Jahren ago","modified":"Updated 9 Monaten ago"},"absolute_dates":{"created":"Posted on 24. September 2021","modified":"Updated on 28. Dezember 2023"},"absolute_dates_time":{"created":"Posted on 24. September 2021 22:37","modified":"Updated on 28. Dezember 2023 12:35"},"featured_img_caption":"","featured_img":false,"series_order":"","_links":{"self":[{"href":"https:\/\/haeckl02.bn-paf.de\/index.php\/wp-json\/wp\/v2\/pages\/933"}],"collection":[{"href":"https:\/\/haeckl02.bn-paf.de\/index.php\/wp-json\/wp\/v2\/pages"}],"about":[{"href":"https:\/\/haeckl02.bn-paf.de\/index.php\/wp-json\/wp\/v2\/types\/page"}],"author":[{"embeddable":true,"href":"https:\/\/haeckl02.bn-paf.de\/index.php\/wp-json\/wp\/v2\/users\/1"}],"replies":[{"embeddable":true,"href":"https:\/\/haeckl02.bn-paf.de\/index.php\/wp-json\/wp\/v2\/comments?post=933"}],"version-history":[{"count":29,"href":"https:\/\/haeckl02.bn-paf.de\/index.php\/wp-json\/wp\/v2\/pages\/933\/revisions"}],"predecessor-version":[{"id":1818,"href":"https:\/\/haeckl02.bn-paf.de\/index.php\/wp-json\/wp\/v2\/pages\/933\/revisions\/1818"}],"wp:attachment":[{"href":"https:\/\/haeckl02.bn-paf.de\/index.php\/wp-json\/wp\/v2\/media?parent=933"}],"curies":[{"name":"wp","href":"https:\/\/api.w.org\/{rel}","templated":true}]}}